{"id":1419,"date":"2024-03-06T09:06:42","date_gmt":"2024-03-06T08:06:42","guid":{"rendered":"https:\/\/www.riko.pl\/produkt\/riko-cosmo-fotelik-0-13-kg\/"},"modified":"2024-03-11T15:13:18","modified_gmt":"2024-03-11T14:13:18","slug":"riko-cosmo-fotelik-0-13-kg","status":"publish","type":"product","link":"https:\/\/www.riko.pl\/en\/produkt\/riko-cosmo-fotelik-0-13-kg\/","title":{"rendered":"Riko COSMO fotelik 0-13 kg"},"content":{"rendered":"<p>Fotelik o wadze 3,2 kg, zapewnia \u0142atwo\u015b\u0107 u\u017cytkowania na co dzie\u0144. Cosmo to fotelik przeznaczony dla ma\u0142ych pasa\u017cer\u00f3w od pierwszego dnia \u017cycia. Specjalna wewn\u0119trzna wk\u0142adka, gwarantuje prawid\u0142owe u\u0142o\u017cenie maluszka, a mi\u0119kkie obicie zwi\u0119ksza komfort jazdy. Niezale\u017cna budka chroni maluszka przed silnymi promieniami s\u0142onecznymi oraz innymi czynnikami zewn\u0119trznymi. Fotelik mo\u017cna zamontowa\u0107 w aucie za pomoc\u0105 samochodowych pas\u00f3w bezpiecze\u0144stwa lub bazy IQ base z systemem ISOFIX, kt\u00f3ra zapewnia bardzo szybki monta\u017c fotelika.<\/p>\n","protected":false},"excerpt":{"rendered":"<p>Fotelik o wadze 3,2 kg, zapewnia \u0142atwo\u015b\u0107 u\u017cytkowania na co dzie\u0144. Cosmo to fotelik przeznaczony dla ma\u0142ych pasa\u017cer\u00f3w od pierwszego dnia \u017cycia. Specjalna wewn\u0119trzna wk\u0142adka, gwarantuje prawid\u0142owe u\u0142o\u017cenie maluszka, a mi\u0119kkie obicie zwi\u0119ksza komfort jazdy. Niezale\u017cna budka chroni maluszka przed silnymi promieniami s\u0142onecznymi oraz innymi czynnikami zewn\u0119trznymi. Fotelik mo\u017cna zamontowa\u0107 w aucie za pomoc\u0105 samochodowych [&hellip;]<\/p>\n","protected":false},"featured_media":1196,"comment_status":"closed","ping_status":"closed","template":"","meta":{"_acf_changed":false},"product_cat":[44],"product_tag":[],"class_list":{"0":"post-1419","1":"product","2":"type-product","3":"status-publish","4":"has-post-thumbnail","6":"product_cat-accessories","8":"first","9":"instock","10":"shipping-taxable","11":"product-type-simple"},"yoast_head":"<!-- This site is optimized with the Yoast SEO plugin v22.1 - https:\/\/yoast.com\/wordpress\/plugins\/seo\/ -->\n<title>Riko COSMO fotelik 0-13 kg - W\u00f3zki dzieci\u0119ce RIKO<\/title>\n<meta name=\"robots\" content=\"index, follow, max-snippet:-1, max-image-preview:large, max-video-preview:-1\" \/>\n<link rel=\"canonical\" href=\"https:\/\/www.riko.pl\/en\/produkt\/riko-cosmo-fotelik-0-13-kg\/\" \/>\n<meta property=\"og:locale\" content=\"en_US\" \/>\n<meta property=\"og:type\" content=\"article\" \/>\n<meta property=\"og:title\" content=\"Riko COSMO fotelik 0-13 kg - W\u00f3zki dzieci\u0119ce RIKO\" \/>\n<meta property=\"og:description\" content=\"Fotelik o wadze 3,2 kg, zapewnia \u0142atwo\u015b\u0107 u\u017cytkowania na co dzie\u0144. Cosmo to fotelik przeznaczony dla ma\u0142ych pasa\u017cer\u00f3w od pierwszego dnia \u017cycia. Specjalna wewn\u0119trzna wk\u0142adka, gwarantuje prawid\u0142owe u\u0142o\u017cenie maluszka, a mi\u0119kkie obicie zwi\u0119ksza komfort jazdy. Niezale\u017cna budka chroni maluszka przed silnymi promieniami s\u0142onecznymi oraz innymi czynnikami zewn\u0119trznymi. Fotelik mo\u017cna zamontowa\u0107 w aucie za pomoc\u0105 samochodowych [&hellip;]\" \/>\n<meta property=\"og:url\" content=\"https:\/\/www.riko.pl\/en\/produkt\/riko-cosmo-fotelik-0-13-kg\/\" \/>\n<meta property=\"og:site_name\" content=\"W\u00f3zki dzieci\u0119ce RIKO\" \/>\n<meta property=\"article:modified_time\" content=\"2024-03-11T14:13:18+00:00\" \/>\n<meta property=\"og:image\" content=\"https:\/\/www.riko.pl\/wp-content\/uploads\/2024\/03\/riko_COSMO_3.jpg\" \/>\n\t<meta property=\"og:image:width\" content=\"650\" \/>\n\t<meta property=\"og:image:height\" content=\"650\" \/>\n\t<meta property=\"og:image:type\" content=\"image\/jpeg\" \/>\n<meta name=\"twitter:card\" content=\"summary_large_image\" \/>\n<script type=\"application\/ld+json\" class=\"yoast-schema-graph\">{\"@context\":\"https:\/\/schema.org\",\"@graph\":[{\"@type\":\"WebPage\",\"@id\":\"https:\/\/www.riko.pl\/en\/produkt\/riko-cosmo-fotelik-0-13-kg\/\",\"url\":\"https:\/\/www.riko.pl\/en\/produkt\/riko-cosmo-fotelik-0-13-kg\/\",\"name\":\"Riko COSMO fotelik 0-13 kg - W\u00f3zki dzieci\u0119ce RIKO\",\"isPartOf\":{\"@id\":\"https:\/\/www.riko.pl\/en\/#website\"},\"datePublished\":\"2024-03-06T08:06:42+00:00\",\"dateModified\":\"2024-03-11T14:13:18+00:00\",\"breadcrumb\":{\"@id\":\"https:\/\/www.riko.pl\/en\/produkt\/riko-cosmo-fotelik-0-13-kg\/#breadcrumb\"},\"inLanguage\":\"en-US\",\"potentialAction\":[{\"@type\":\"ReadAction\",\"target\":[\"https:\/\/www.riko.pl\/en\/produkt\/riko-cosmo-fotelik-0-13-kg\/\"]}]},{\"@type\":\"BreadcrumbList\",\"@id\":\"https:\/\/www.riko.pl\/en\/produkt\/riko-cosmo-fotelik-0-13-kg\/#breadcrumb\",\"itemListElement\":[{\"@type\":\"ListItem\",\"position\":1,\"name\":\"Home\",\"item\":\"https:\/\/www.riko.pl\/en\/\"},{\"@type\":\"ListItem\",\"position\":2,\"name\":\"Products\",\"item\":\"https:\/\/www.riko.pl\/en\/products\/\"},{\"@type\":\"ListItem\",\"position\":3,\"name\":\"Riko COSMO fotelik 0-13 kg\"}]},{\"@type\":\"WebSite\",\"@id\":\"https:\/\/www.riko.pl\/en\/#website\",\"url\":\"https:\/\/www.riko.pl\/en\/\",\"name\":\"W\u00f3zki dzieci\u0119ce RIKO\",\"description\":\"\",\"potentialAction\":[{\"@type\":\"SearchAction\",\"target\":{\"@type\":\"EntryPoint\",\"urlTemplate\":\"https:\/\/www.riko.pl\/en\/?s={search_term_string}\"},\"query-input\":\"required name=search_term_string\"}],\"inLanguage\":\"en-US\"}]}<\/script>\n<!-- \/ Yoast SEO plugin. -->","yoast_head_json":{"title":"Riko COSMO fotelik 0-13 kg - W\u00f3zki dzieci\u0119ce RIKO","robots":{"index":"index","follow":"follow","max-snippet":"max-snippet:-1","max-image-preview":"max-image-preview:large","max-video-preview":"max-video-preview:-1"},"canonical":"https:\/\/www.riko.pl\/en\/produkt\/riko-cosmo-fotelik-0-13-kg\/","og_locale":"en_US","og_type":"article","og_title":"Riko COSMO fotelik 0-13 kg - W\u00f3zki dzieci\u0119ce RIKO","og_description":"Fotelik o wadze 3,2 kg, zapewnia \u0142atwo\u015b\u0107 u\u017cytkowania na co dzie\u0144. Cosmo to fotelik przeznaczony dla ma\u0142ych pasa\u017cer\u00f3w od pierwszego dnia \u017cycia. Specjalna wewn\u0119trzna wk\u0142adka, gwarantuje prawid\u0142owe u\u0142o\u017cenie maluszka, a mi\u0119kkie obicie zwi\u0119ksza komfort jazdy. Niezale\u017cna budka chroni maluszka przed silnymi promieniami s\u0142onecznymi oraz innymi czynnikami zewn\u0119trznymi. Fotelik mo\u017cna zamontowa\u0107 w aucie za pomoc\u0105 samochodowych [&hellip;]","og_url":"https:\/\/www.riko.pl\/en\/produkt\/riko-cosmo-fotelik-0-13-kg\/","og_site_name":"W\u00f3zki dzieci\u0119ce RIKO","article_modified_time":"2024-03-11T14:13:18+00:00","og_image":[{"width":650,"height":650,"url":"https:\/\/www.riko.pl\/wp-content\/uploads\/2024\/03\/riko_COSMO_3.jpg","type":"image\/jpeg"}],"twitter_card":"summary_large_image","schema":{"@context":"https:\/\/schema.org","@graph":[{"@type":"WebPage","@id":"https:\/\/www.riko.pl\/en\/produkt\/riko-cosmo-fotelik-0-13-kg\/","url":"https:\/\/www.riko.pl\/en\/produkt\/riko-cosmo-fotelik-0-13-kg\/","name":"Riko COSMO fotelik 0-13 kg - W\u00f3zki dzieci\u0119ce RIKO","isPartOf":{"@id":"https:\/\/www.riko.pl\/en\/#website"},"datePublished":"2024-03-06T08:06:42+00:00","dateModified":"2024-03-11T14:13:18+00:00","breadcrumb":{"@id":"https:\/\/www.riko.pl\/en\/produkt\/riko-cosmo-fotelik-0-13-kg\/#breadcrumb"},"inLanguage":"en-US","potentialAction":[{"@type":"ReadAction","target":["https:\/\/www.riko.pl\/en\/produkt\/riko-cosmo-fotelik-0-13-kg\/"]}]},{"@type":"BreadcrumbList","@id":"https:\/\/www.riko.pl\/en\/produkt\/riko-cosmo-fotelik-0-13-kg\/#breadcrumb","itemListElement":[{"@type":"ListItem","position":1,"name":"Home","item":"https:\/\/www.riko.pl\/en\/"},{"@type":"ListItem","position":2,"name":"Products","item":"https:\/\/www.riko.pl\/en\/products\/"},{"@type":"ListItem","position":3,"name":"Riko COSMO fotelik 0-13 kg"}]},{"@type":"WebSite","@id":"https:\/\/www.riko.pl\/en\/#website","url":"https:\/\/www.riko.pl\/en\/","name":"W\u00f3zki dzieci\u0119ce RIKO","description":"","potentialAction":[{"@type":"SearchAction","target":{"@type":"EntryPoint","urlTemplate":"https:\/\/www.riko.pl\/en\/?s={search_term_string}"},"query-input":"required name=search_term_string"}],"inLanguage":"en-US"}]}},"acf":[],"_links":{"self":[{"href":"https:\/\/www.riko.pl\/en\/wp-json\/wp\/v2\/product\/1419","targetHints":{"allow":["GET"]}}],"collection":[{"href":"https:\/\/www.riko.pl\/en\/wp-json\/wp\/v2\/product"}],"about":[{"href":"https:\/\/www.riko.pl\/en\/wp-json\/wp\/v2\/types\/product"}],"replies":[{"embeddable":true,"href":"https:\/\/www.riko.pl\/en\/wp-json\/wp\/v2\/comments?post=1419"}],"wp:featuredmedia":[{"embeddable":true,"href":"https:\/\/www.riko.pl\/en\/wp-json\/wp\/v2\/media\/1196"}],"wp:attachment":[{"href":"https:\/\/www.riko.pl\/en\/wp-json\/wp\/v2\/media?parent=1419"}],"wp:term":[{"taxonomy":"product_cat","embeddable":true,"href":"https:\/\/www.riko.pl\/en\/wp-json\/wp\/v2\/product_cat?post=1419"},{"taxonomy":"product_tag","embeddable":true,"href":"https:\/\/www.riko.pl\/en\/wp-json\/wp\/v2\/product_tag?post=1419"}],"curies":[{"name":"wp","href":"https:\/\/api.w.org\/{rel}","templated":true}]}}