{"id":3414,"date":"2024-08-14T09:58:44","date_gmt":"2024-08-14T07:58:44","guid":{"rendered":"https:\/\/www.riko.pl\/?post_type=product&#038;p=3414"},"modified":"2024-08-19T13:37:35","modified_gmt":"2024-08-19T11:37:35","slug":"aura","status":"publish","type":"product","link":"https:\/\/www.riko.pl\/gr\/produkt\/aura\/","title":{"rendered":"AURA"},"content":{"rendered":"<div class=\"product-description__content\">\n<p>Model AURA to elegancki w\u00f3zek dzieci\u0119cy, kt\u00f3ry zaspokoi potrzeby nowoczesnych rodzic\u00f3w ceni\u0105cych styl, komfort i bezpiecze\u0144stwo. W\u00f3zek wykonany jest z wysokiej jako\u015bci eko-sk\u00f3ry, co nadaje mu luksusowy wygl\u0105d oraz zapewnia \u0142atwo\u015b\u0107 w utrzymaniu czysto\u015bci. Dzi\u0119ki zastosowaniu eko-sk\u00f3ry, w\u00f3zek AURA jest nie tylko elegancki, ale r\u00f3wnie\u017c trwa\u0142y i odporny na warunki atmosferyczne.<\/p>\n<p>Siedzisko spacerowe modelu AURA to nowe, kompaktowe rozwi\u0105zanie, kt\u00f3re mo\u017cna z\u0142o\u017cy\u0107 wraz ze stela\u017cem w\u00f3zka, zar\u00f3wno przodem, jak i ty\u0142em do kierunku jazdy. Taka funkcjonalno\u015b\u0107 zapewnia pe\u0142n\u0105 elastyczno\u015b\u0107 i komfort u\u017cytkowania, zar\u00f3wno dla dziecka, jak i rodzica. Siedzisko zosta\u0142o zaprojektowane z my\u015bl\u0105 o maksymalnym komforcie malucha \u2013 posiada mo\u017cliwo\u015b\u0107 pe\u0142nej regulacji k\u0105ta nachylenia, a\u017c do pozycji le\u017c\u0105cej, co umo\u017cliwia wygodne drzemki podczas spacer\u00f3w.<\/p>\n<p>Bezpiecze\u0144stwo dziecka jest priorytetem w modelu AURA. Siedzisko wyposa\u017cono w pi\u0119ciopunktowe pasy bezpiecze\u0144stwa oraz barierk\u0119, kt\u00f3ra zapewnia dodatkow\u0105 ochron\u0119, a jednocze\u015bnie stanowi wygodne oparcie dla r\u0105czek dziecka. Budka siedziska, z mo\u017cliwo\u015bci\u0105 rozszerzenia o dodatkow\u0105 sekcj\u0119, zosta\u0142a zaprojektowana tak, aby skutecznie chroni\u0107 przed s\u0142o\u0144cem i wiatrem, jednocze\u015bnie zapewniaj\u0105c doskona\u0142\u0105 wentylacj\u0119.<\/p>\n<p>Stela\u017c w\u00f3zka AURA, wykonany z lekkiego, ale wytrzyma\u0142ego aluminium, gwarantuje stabilno\u015b\u0107 i \u0142atwo\u015b\u0107 manewrowania. W\u00f3zek wyposa\u017cono w du\u017cy kosz na zakupy, modn\u0105 torb\u0119, uchwyt na kubek oraz regulowan\u0105 r\u0105czk\u0119, co czyni ka\u017cd\u0105 wycieczk\u0119 przyjemno\u015bci\u0105. Amortyzowane zawieszenie oraz \u0142o\u017cyskowane ko\u0142a z mo\u017cliwo\u015bci\u0105 blokady zapewniaj\u0105 p\u0142ynn\u0105 i komfortow\u0105 jazd\u0119 nawet po nier\u00f3wnym terenie. Centralny hamulec postojowy dodaje finalnego akcentu bezpiecze\u0144stwa, kt\u00f3ry pozwala rodzicom na spokojne zatrzymanie w\u00f3zka w ka\u017cdej chwili.<\/p>\n<p>Model AURA to nie tylko funkcjonalno\u015b\u0107, ale tak\u017ce wyrafinowany design, kt\u00f3ry zadowoli najbardziej wymagaj\u0105cych rodzic\u00f3w, dbaj\u0105cych o styl i komfort swojego dziecka.<\/p>\n<\/div>\n","protected":false},"excerpt":{"rendered":"<p>Model AURA to elegancki w\u00f3zek dzieci\u0119cy, kt\u00f3ry zaspokoi potrzeby nowoczesnych rodzic\u00f3w ceni\u0105cych styl, komfort i bezpiecze\u0144stwo. W\u00f3zek wykonany jest z wysokiej jako\u015bci eko-sk\u00f3ry, co nadaje mu luksusowy wygl\u0105d oraz zapewnia \u0142atwo\u015b\u0107 w utrzymaniu czysto\u015bci. Dzi\u0119ki zastosowaniu eko-sk\u00f3ry, w\u00f3zek AURA jest nie tylko elegancki, ale r\u00f3wnie\u017c trwa\u0142y i odporny na warunki atmosferyczne. Siedzisko spacerowe modelu AURA [&hellip;]<\/p>\n","protected":false},"featured_media":3475,"comment_status":"closed","ping_status":"closed","template":"","meta":{"_acf_changed":false},"product_cat":[80],"product_tag":[81,82,83],"class_list":{"0":"post-3414","1":"product","2":"type-product","3":"status-publish","4":"has-post-thumbnail","6":"product_cat-wozki-dzieciece-gr","7":"product_tag-wozek-gr","8":"product_tag-wozek-dzieciecy-gr","9":"product_tag-wozek-wielofunkcyjny-gr","11":"first","12":"instock","13":"shipping-taxable","14":"product-type-simple"},"yoast_head":"<!-- This site is optimized with the Yoast SEO plugin v22.1 - https:\/\/yoast.com\/wordpress\/plugins\/seo\/ -->\n<title>AURA - W\u00f3zki dzieci\u0119ce RIKO<\/title>\n<meta name=\"robots\" content=\"index, follow, max-snippet:-1, max-image-preview:large, max-video-preview:-1\" \/>\n<link rel=\"canonical\" href=\"https:\/\/www.riko.pl\/gr\/produkt\/aura\/\" \/>\n<meta property=\"og:locale\" content=\"en_US\" \/>\n<meta property=\"og:type\" content=\"article\" \/>\n<meta property=\"og:title\" content=\"AURA - W\u00f3zki dzieci\u0119ce RIKO\" \/>\n<meta property=\"og:description\" content=\"Model AURA to elegancki w\u00f3zek dzieci\u0119cy, kt\u00f3ry zaspokoi potrzeby nowoczesnych rodzic\u00f3w ceni\u0105cych styl, komfort i bezpiecze\u0144stwo. W\u00f3zek wykonany jest z wysokiej jako\u015bci eko-sk\u00f3ry, co nadaje mu luksusowy wygl\u0105d oraz zapewnia \u0142atwo\u015b\u0107 w utrzymaniu czysto\u015bci. Dzi\u0119ki zastosowaniu eko-sk\u00f3ry, w\u00f3zek AURA jest nie tylko elegancki, ale r\u00f3wnie\u017c trwa\u0142y i odporny na warunki atmosferyczne. Siedzisko spacerowe modelu AURA [&hellip;]\" \/>\n<meta property=\"og:url\" content=\"https:\/\/www.riko.pl\/gr\/produkt\/aura\/\" \/>\n<meta property=\"og:site_name\" content=\"W\u00f3zki dzieci\u0119ce RIKO\" \/>\n<meta property=\"article:modified_time\" content=\"2024-08-19T11:37:35+00:00\" \/>\n<meta property=\"og:image\" content=\"https:\/\/www.riko.pl\/wp-content\/uploads\/2024\/08\/riko_aura_05-01.jpg\" \/>\n\t<meta property=\"og:image:width\" content=\"650\" \/>\n\t<meta property=\"og:image:height\" content=\"650\" \/>\n\t<meta property=\"og:image:type\" content=\"image\/jpeg\" \/>\n<meta name=\"twitter:card\" content=\"summary_large_image\" \/>\n<meta name=\"twitter:label1\" content=\"Est. reading time\" \/>\n\t<meta name=\"twitter:data1\" content=\"4 minutes\" \/>\n<script type=\"application\/ld+json\" class=\"yoast-schema-graph\">{\"@context\":\"https:\/\/schema.org\",\"@graph\":[{\"@type\":\"WebPage\",\"@id\":\"https:\/\/www.riko.pl\/gr\/produkt\/aura\/\",\"url\":\"https:\/\/www.riko.pl\/gr\/produkt\/aura\/\",\"name\":\"AURA - W\u00f3zki dzieci\u0119ce RIKO\",\"isPartOf\":{\"@id\":\"https:\/\/www.riko.pl\/gr\/#website\"},\"datePublished\":\"2024-08-14T07:58:44+00:00\",\"dateModified\":\"2024-08-19T11:37:35+00:00\",\"breadcrumb\":{\"@id\":\"https:\/\/www.riko.pl\/gr\/produkt\/aura\/#breadcrumb\"},\"inLanguage\":\"gr\",\"potentialAction\":[{\"@type\":\"ReadAction\",\"target\":[\"https:\/\/www.riko.pl\/gr\/produkt\/aura\/\"]}]},{\"@type\":\"BreadcrumbList\",\"@id\":\"https:\/\/www.riko.pl\/gr\/produkt\/aura\/#breadcrumb\",\"itemListElement\":[{\"@type\":\"ListItem\",\"position\":1,\"name\":\"\u0391\u03c1\u03c7\u03b9\u03ba\u03ae \u03a3\u03b5\u03bb\u03af\u03b4\u03b1\",\"item\":\"https:\/\/www.riko.pl\/gr\/\"},{\"@type\":\"ListItem\",\"position\":2,\"name\":\"\u03a0\u03c1\u03bf\u03ca\u03cc\u03bd\u03c4\u03b1\",\"item\":\"https:\/\/www.riko.pl\/gr\/product-gr\/\"},{\"@type\":\"ListItem\",\"position\":3,\"name\":\"AURA\"}]},{\"@type\":\"WebSite\",\"@id\":\"https:\/\/www.riko.pl\/gr\/#website\",\"url\":\"https:\/\/www.riko.pl\/gr\/\",\"name\":\"W\u00f3zki dzieci\u0119ce RIKO\",\"description\":\"\",\"potentialAction\":[{\"@type\":\"SearchAction\",\"target\":{\"@type\":\"EntryPoint\",\"urlTemplate\":\"https:\/\/www.riko.pl\/gr\/?s={search_term_string}\"},\"query-input\":\"required name=search_term_string\"}],\"inLanguage\":\"gr\"}]}<\/script>\n<!-- \/ Yoast SEO plugin. -->","yoast_head_json":{"title":"AURA - W\u00f3zki dzieci\u0119ce RIKO","robots":{"index":"index","follow":"follow","max-snippet":"max-snippet:-1","max-image-preview":"max-image-preview:large","max-video-preview":"max-video-preview:-1"},"canonical":"https:\/\/www.riko.pl\/gr\/produkt\/aura\/","og_locale":"en_US","og_type":"article","og_title":"AURA - W\u00f3zki dzieci\u0119ce RIKO","og_description":"Model AURA to elegancki w\u00f3zek dzieci\u0119cy, kt\u00f3ry zaspokoi potrzeby nowoczesnych rodzic\u00f3w ceni\u0105cych styl, komfort i bezpiecze\u0144stwo. W\u00f3zek wykonany jest z wysokiej jako\u015bci eko-sk\u00f3ry, co nadaje mu luksusowy wygl\u0105d oraz zapewnia \u0142atwo\u015b\u0107 w utrzymaniu czysto\u015bci. Dzi\u0119ki zastosowaniu eko-sk\u00f3ry, w\u00f3zek AURA jest nie tylko elegancki, ale r\u00f3wnie\u017c trwa\u0142y i odporny na warunki atmosferyczne. Siedzisko spacerowe modelu AURA [&hellip;]","og_url":"https:\/\/www.riko.pl\/gr\/produkt\/aura\/","og_site_name":"W\u00f3zki dzieci\u0119ce RIKO","article_modified_time":"2024-08-19T11:37:35+00:00","og_image":[{"width":650,"height":650,"url":"https:\/\/www.riko.pl\/wp-content\/uploads\/2024\/08\/riko_aura_05-01.jpg","type":"image\/jpeg"}],"twitter_card":"summary_large_image","twitter_misc":{"Est. reading time":"4 minutes"},"schema":{"@context":"https:\/\/schema.org","@graph":[{"@type":"WebPage","@id":"https:\/\/www.riko.pl\/gr\/produkt\/aura\/","url":"https:\/\/www.riko.pl\/gr\/produkt\/aura\/","name":"AURA - W\u00f3zki dzieci\u0119ce RIKO","isPartOf":{"@id":"https:\/\/www.riko.pl\/gr\/#website"},"datePublished":"2024-08-14T07:58:44+00:00","dateModified":"2024-08-19T11:37:35+00:00","breadcrumb":{"@id":"https:\/\/www.riko.pl\/gr\/produkt\/aura\/#breadcrumb"},"inLanguage":"gr","potentialAction":[{"@type":"ReadAction","target":["https:\/\/www.riko.pl\/gr\/produkt\/aura\/"]}]},{"@type":"BreadcrumbList","@id":"https:\/\/www.riko.pl\/gr\/produkt\/aura\/#breadcrumb","itemListElement":[{"@type":"ListItem","position":1,"name":"\u0391\u03c1\u03c7\u03b9\u03ba\u03ae \u03a3\u03b5\u03bb\u03af\u03b4\u03b1","item":"https:\/\/www.riko.pl\/gr\/"},{"@type":"ListItem","position":2,"name":"\u03a0\u03c1\u03bf\u03ca\u03cc\u03bd\u03c4\u03b1","item":"https:\/\/www.riko.pl\/gr\/product-gr\/"},{"@type":"ListItem","position":3,"name":"AURA"}]},{"@type":"WebSite","@id":"https:\/\/www.riko.pl\/gr\/#website","url":"https:\/\/www.riko.pl\/gr\/","name":"W\u00f3zki dzieci\u0119ce RIKO","description":"","potentialAction":[{"@type":"SearchAction","target":{"@type":"EntryPoint","urlTemplate":"https:\/\/www.riko.pl\/gr\/?s={search_term_string}"},"query-input":"required name=search_term_string"}],"inLanguage":"gr"}]}},"acf":[],"_links":{"self":[{"href":"https:\/\/www.riko.pl\/gr\/wp-json\/wp\/v2\/product\/3414","targetHints":{"allow":["GET"]}}],"collection":[{"href":"https:\/\/www.riko.pl\/gr\/wp-json\/wp\/v2\/product"}],"about":[{"href":"https:\/\/www.riko.pl\/gr\/wp-json\/wp\/v2\/types\/product"}],"replies":[{"embeddable":true,"href":"https:\/\/www.riko.pl\/gr\/wp-json\/wp\/v2\/comments?post=3414"}],"wp:featuredmedia":[{"embeddable":true,"href":"https:\/\/www.riko.pl\/gr\/wp-json\/wp\/v2\/media\/3475"}],"wp:attachment":[{"href":"https:\/\/www.riko.pl\/gr\/wp-json\/wp\/v2\/media?parent=3414"}],"wp:term":[{"taxonomy":"product_cat","embeddable":true,"href":"https:\/\/www.riko.pl\/gr\/wp-json\/wp\/v2\/product_cat?post=3414"},{"taxonomy":"product_tag","embeddable":true,"href":"https:\/\/www.riko.pl\/gr\/wp-json\/wp\/v2\/product_tag?post=3414"}],"curies":[{"name":"wp","href":"https:\/\/api.w.org\/{rel}","templated":true}]}}