{"id":3617,"date":"2024-10-11T10:06:22","date_gmt":"2024-10-11T08:06:22","guid":{"rendered":"https:\/\/www.riko.pl\/?post_type=product&#038;p=3617"},"modified":"2024-10-22T13:07:51","modified_gmt":"2024-10-22T11:07:51","slug":"velar-up","status":"publish","type":"product","link":"https:\/\/www.riko.pl\/gr\/produkt\/velar-up\/","title":{"rendered":"VELAR UP"},"content":{"rendered":"<p>VELAR UP to co\u015b wi\u0119cej ni\u017c w\u00f3zek \u2013 to manifest stylu oraz \u015bwiadomego wyboru dla rodzic\u00f3w, kt\u00f3rzy ho\u0142duj\u0105 po\u0142\u0105czeniu wyrafinowanej estetyki z nowatorsk\u0105 funkcjonalno\u015bci\u0105. To propozycja dla tych, kt\u00f3rzy pragn\u0105, by ka\u017cdy spacer sta\u0142 si\u0119 niepowtarzalnym do\u015bwiadczeniem, pe\u0142nym komfortu i subtelnej elegancji.<\/p>\n<p>VELAR UP oferuje innowacyjn\u0105 gondol\u0119, kt\u00f3r\u0105 mo\u017cna z\u0142o\u017cy\u0107 na p\u0142asko jednym klikni\u0119ciem \u2013 nowatorskie rozwi\u0105zanie, kt\u00f3re maksymalizuje wygod\u0119 codziennego u\u017cytkowania. Wy\u015bcie\u0142ane pikowan\u0105 bawe\u0142n\u0105 wn\u0119trze otula dziecko mi\u0119kkim luksusem, a dwustronny materacyk \u2013 kokosowy i piankowy \u2013 wspiera harmonijny rozw\u00f3j malucha. Obszerny system wentylacyjny gondoli oraz budki gwarantuje optymaln\u0105 cyrkulacj\u0119 powietrza, zapewniaj\u0105c wewn\u0105trz niezmiennie przyjemny mikroklimat.<\/p>\n<p>Siedzisko spacerowe VELAR UP to fuzja bezpiecze\u0144stwa oraz wygody. Pi\u0119ciopunktowe pasy z magnetyczn\u0105 klamr\u0105 oraz barierka ochronna stanowi\u0105 gwarancj\u0119 bezpiecze\u0144stwa, podczas gdy regulacja k\u0105ta nachylenia a\u017c do pe\u0142nej pozycji le\u017c\u0105cej umo\u017cliwia dziecku regeneracyjny odpoczynek. Rozbudowana budka z elementami wentylacyjnymi chroni przed s\u0142o\u0144cem i wiatrem, tworz\u0105c komfortowe schronienie, a pokrowiec na n\u00f3\u017cki z dwoma zamkami zapewnia wygodny i szybki dost\u0119p do dziecka.<\/p>\n<p>Lekki aluminiowy stela\u017c VELAR UP to kwintesencja funkcjonalno\u015bci i wyszukanej estetyki. Mo\u017cliwo\u015b\u0107 sk\u0142adania w\u00f3zka z siedziskiem ustawionym przodem lub ty\u0142em do kierunku jazdy, obszerny kosz na zakupy, stylowa torba, uchwyt na kubek oraz regulowana r\u0105czka \u2013 wszystko to sprawia, \u017ce codzienne eskapady z dzieckiem nabieraj\u0105 nowego, wyrafinowanego wymiaru. Amortyzowane zawieszenie, \u0142o\u017cyskowane ko\u0142a z poliuretanu oraz mo\u017cliwo\u015b\u0107 regulacji twardo\u015bci zawieszenia zapewniaj\u0105 p\u0142ynno\u015b\u0107 jazdy na ka\u017cdym terenie, a przednie ko\u0142a z blokad\u0105 oraz centralny hamulec postojowy pozwalaj\u0105 zachowa\u0107 pe\u0142n\u0105 kontrol\u0119 nad w\u00f3zkiem.<\/p>\n<p>VELAR UP to nie tylko \u015brodek transportu \u2013 to wyrafinowany element miejskiego stylu, kt\u00f3ry \u0142\u0105czy w sobie nowoczesne technologie, komfort i niebanaln\u0105 elegancj\u0119. Dla rodzic\u00f3w, kt\u00f3rzy oczekuj\u0105 czego\u015b wi\u0119cej.<\/p>\n","protected":false},"excerpt":{"rendered":"<p>VELAR UP to co\u015b wi\u0119cej ni\u017c w\u00f3zek \u2013 to manifest stylu oraz \u015bwiadomego wyboru dla rodzic\u00f3w, kt\u00f3rzy ho\u0142duj\u0105 po\u0142\u0105czeniu wyrafinowanej estetyki z nowatorsk\u0105 funkcjonalno\u015bci\u0105. To propozycja dla tych, kt\u00f3rzy pragn\u0105, by ka\u017cdy spacer sta\u0142 si\u0119 niepowtarzalnym do\u015bwiadczeniem, pe\u0142nym komfortu i subtelnej elegancji. VELAR UP oferuje innowacyjn\u0105 gondol\u0119, kt\u00f3r\u0105 mo\u017cna z\u0142o\u017cy\u0107 na p\u0142asko jednym klikni\u0119ciem \u2013 [&hellip;]<\/p>\n","protected":false},"featured_media":3638,"comment_status":"closed","ping_status":"closed","template":"","meta":{"_acf_changed":false},"product_cat":[80],"product_tag":[81,82,83],"class_list":{"0":"post-3617","1":"product","2":"type-product","3":"status-publish","4":"has-post-thumbnail","6":"product_cat-wozki-dzieciece-gr","7":"product_tag-wozek-gr","8":"product_tag-wozek-dzieciecy-gr","9":"product_tag-wozek-wielofunkcyjny-gr","11":"first","12":"instock","13":"shipping-taxable","14":"product-type-simple"},"yoast_head":"<!-- This site is optimized with the Yoast SEO plugin v22.1 - https:\/\/yoast.com\/wordpress\/plugins\/seo\/ -->\n<title>VELAR UP - W\u00f3zki dzieci\u0119ce RIKO<\/title>\n<meta name=\"robots\" content=\"index, follow, max-snippet:-1, max-image-preview:large, max-video-preview:-1\" \/>\n<link rel=\"canonical\" href=\"https:\/\/www.riko.pl\/gr\/produkt\/velar-up\/\" \/>\n<meta property=\"og:locale\" content=\"en_US\" \/>\n<meta property=\"og:type\" content=\"article\" \/>\n<meta property=\"og:title\" content=\"VELAR UP - W\u00f3zki dzieci\u0119ce RIKO\" \/>\n<meta property=\"og:description\" content=\"VELAR UP to co\u015b wi\u0119cej ni\u017c w\u00f3zek \u2013 to manifest stylu oraz \u015bwiadomego wyboru dla rodzic\u00f3w, kt\u00f3rzy ho\u0142duj\u0105 po\u0142\u0105czeniu wyrafinowanej estetyki z nowatorsk\u0105 funkcjonalno\u015bci\u0105. To propozycja dla tych, kt\u00f3rzy pragn\u0105, by ka\u017cdy spacer sta\u0142 si\u0119 niepowtarzalnym do\u015bwiadczeniem, pe\u0142nym komfortu i subtelnej elegancji. VELAR UP oferuje innowacyjn\u0105 gondol\u0119, kt\u00f3r\u0105 mo\u017cna z\u0142o\u017cy\u0107 na p\u0142asko jednym klikni\u0119ciem \u2013 [&hellip;]\" \/>\n<meta property=\"og:url\" content=\"https:\/\/www.riko.pl\/gr\/produkt\/velar-up\/\" \/>\n<meta property=\"og:site_name\" content=\"W\u00f3zki dzieci\u0119ce RIKO\" \/>\n<meta property=\"article:modified_time\" content=\"2024-10-22T11:07:51+00:00\" \/>\n<meta property=\"og:image\" content=\"https:\/\/www.riko.pl\/wp-content\/uploads\/2024\/10\/riko_velar_up-1.jpg\" \/>\n\t<meta property=\"og:image:width\" content=\"650\" \/>\n\t<meta property=\"og:image:height\" content=\"650\" \/>\n\t<meta property=\"og:image:type\" content=\"image\/jpeg\" \/>\n<meta name=\"twitter:card\" content=\"summary_large_image\" \/>\n<meta name=\"twitter:label1\" content=\"Est. reading time\" \/>\n\t<meta name=\"twitter:data1\" content=\"4 minutes\" \/>\n<script type=\"application\/ld+json\" class=\"yoast-schema-graph\">{\"@context\":\"https:\/\/schema.org\",\"@graph\":[{\"@type\":\"WebPage\",\"@id\":\"https:\/\/www.riko.pl\/gr\/produkt\/velar-up\/\",\"url\":\"https:\/\/www.riko.pl\/gr\/produkt\/velar-up\/\",\"name\":\"VELAR UP - W\u00f3zki dzieci\u0119ce RIKO\",\"isPartOf\":{\"@id\":\"https:\/\/www.riko.pl\/gr\/#website\"},\"datePublished\":\"2024-10-11T08:06:22+00:00\",\"dateModified\":\"2024-10-22T11:07:51+00:00\",\"breadcrumb\":{\"@id\":\"https:\/\/www.riko.pl\/gr\/produkt\/velar-up\/#breadcrumb\"},\"inLanguage\":\"gr\",\"potentialAction\":[{\"@type\":\"ReadAction\",\"target\":[\"https:\/\/www.riko.pl\/gr\/produkt\/velar-up\/\"]}]},{\"@type\":\"BreadcrumbList\",\"@id\":\"https:\/\/www.riko.pl\/gr\/produkt\/velar-up\/#breadcrumb\",\"itemListElement\":[{\"@type\":\"ListItem\",\"position\":1,\"name\":\"\u0391\u03c1\u03c7\u03b9\u03ba\u03ae \u03a3\u03b5\u03bb\u03af\u03b4\u03b1\",\"item\":\"https:\/\/www.riko.pl\/gr\/\"},{\"@type\":\"ListItem\",\"position\":2,\"name\":\"\u03a0\u03c1\u03bf\u03ca\u03cc\u03bd\u03c4\u03b1\",\"item\":\"https:\/\/www.riko.pl\/gr\/product-gr\/\"},{\"@type\":\"ListItem\",\"position\":3,\"name\":\"VELAR UP\"}]},{\"@type\":\"WebSite\",\"@id\":\"https:\/\/www.riko.pl\/gr\/#website\",\"url\":\"https:\/\/www.riko.pl\/gr\/\",\"name\":\"W\u00f3zki dzieci\u0119ce RIKO\",\"description\":\"\",\"potentialAction\":[{\"@type\":\"SearchAction\",\"target\":{\"@type\":\"EntryPoint\",\"urlTemplate\":\"https:\/\/www.riko.pl\/gr\/?s={search_term_string}\"},\"query-input\":\"required name=search_term_string\"}],\"inLanguage\":\"gr\"}]}<\/script>\n<!-- \/ Yoast SEO plugin. -->","yoast_head_json":{"title":"VELAR UP - W\u00f3zki dzieci\u0119ce RIKO","robots":{"index":"index","follow":"follow","max-snippet":"max-snippet:-1","max-image-preview":"max-image-preview:large","max-video-preview":"max-video-preview:-1"},"canonical":"https:\/\/www.riko.pl\/gr\/produkt\/velar-up\/","og_locale":"en_US","og_type":"article","og_title":"VELAR UP - W\u00f3zki dzieci\u0119ce RIKO","og_description":"VELAR UP to co\u015b wi\u0119cej ni\u017c w\u00f3zek \u2013 to manifest stylu oraz \u015bwiadomego wyboru dla rodzic\u00f3w, kt\u00f3rzy ho\u0142duj\u0105 po\u0142\u0105czeniu wyrafinowanej estetyki z nowatorsk\u0105 funkcjonalno\u015bci\u0105. To propozycja dla tych, kt\u00f3rzy pragn\u0105, by ka\u017cdy spacer sta\u0142 si\u0119 niepowtarzalnym do\u015bwiadczeniem, pe\u0142nym komfortu i subtelnej elegancji. VELAR UP oferuje innowacyjn\u0105 gondol\u0119, kt\u00f3r\u0105 mo\u017cna z\u0142o\u017cy\u0107 na p\u0142asko jednym klikni\u0119ciem \u2013 [&hellip;]","og_url":"https:\/\/www.riko.pl\/gr\/produkt\/velar-up\/","og_site_name":"W\u00f3zki dzieci\u0119ce RIKO","article_modified_time":"2024-10-22T11:07:51+00:00","og_image":[{"width":650,"height":650,"url":"https:\/\/www.riko.pl\/wp-content\/uploads\/2024\/10\/riko_velar_up-1.jpg","type":"image\/jpeg"}],"twitter_card":"summary_large_image","twitter_misc":{"Est. reading time":"4 minutes"},"schema":{"@context":"https:\/\/schema.org","@graph":[{"@type":"WebPage","@id":"https:\/\/www.riko.pl\/gr\/produkt\/velar-up\/","url":"https:\/\/www.riko.pl\/gr\/produkt\/velar-up\/","name":"VELAR UP - W\u00f3zki dzieci\u0119ce RIKO","isPartOf":{"@id":"https:\/\/www.riko.pl\/gr\/#website"},"datePublished":"2024-10-11T08:06:22+00:00","dateModified":"2024-10-22T11:07:51+00:00","breadcrumb":{"@id":"https:\/\/www.riko.pl\/gr\/produkt\/velar-up\/#breadcrumb"},"inLanguage":"gr","potentialAction":[{"@type":"ReadAction","target":["https:\/\/www.riko.pl\/gr\/produkt\/velar-up\/"]}]},{"@type":"BreadcrumbList","@id":"https:\/\/www.riko.pl\/gr\/produkt\/velar-up\/#breadcrumb","itemListElement":[{"@type":"ListItem","position":1,"name":"\u0391\u03c1\u03c7\u03b9\u03ba\u03ae \u03a3\u03b5\u03bb\u03af\u03b4\u03b1","item":"https:\/\/www.riko.pl\/gr\/"},{"@type":"ListItem","position":2,"name":"\u03a0\u03c1\u03bf\u03ca\u03cc\u03bd\u03c4\u03b1","item":"https:\/\/www.riko.pl\/gr\/product-gr\/"},{"@type":"ListItem","position":3,"name":"VELAR UP"}]},{"@type":"WebSite","@id":"https:\/\/www.riko.pl\/gr\/#website","url":"https:\/\/www.riko.pl\/gr\/","name":"W\u00f3zki dzieci\u0119ce RIKO","description":"","potentialAction":[{"@type":"SearchAction","target":{"@type":"EntryPoint","urlTemplate":"https:\/\/www.riko.pl\/gr\/?s={search_term_string}"},"query-input":"required name=search_term_string"}],"inLanguage":"gr"}]}},"acf":[],"_links":{"self":[{"href":"https:\/\/www.riko.pl\/gr\/wp-json\/wp\/v2\/product\/3617","targetHints":{"allow":["GET"]}}],"collection":[{"href":"https:\/\/www.riko.pl\/gr\/wp-json\/wp\/v2\/product"}],"about":[{"href":"https:\/\/www.riko.pl\/gr\/wp-json\/wp\/v2\/types\/product"}],"replies":[{"embeddable":true,"href":"https:\/\/www.riko.pl\/gr\/wp-json\/wp\/v2\/comments?post=3617"}],"wp:featuredmedia":[{"embeddable":true,"href":"https:\/\/www.riko.pl\/gr\/wp-json\/wp\/v2\/media\/3638"}],"wp:attachment":[{"href":"https:\/\/www.riko.pl\/gr\/wp-json\/wp\/v2\/media?parent=3617"}],"wp:term":[{"taxonomy":"product_cat","embeddable":true,"href":"https:\/\/www.riko.pl\/gr\/wp-json\/wp\/v2\/product_cat?post=3617"},{"taxonomy":"product_tag","embeddable":true,"href":"https:\/\/www.riko.pl\/gr\/wp-json\/wp\/v2\/product_tag?post=3617"}],"curies":[{"name":"wp","href":"https:\/\/api.w.org\/{rel}","templated":true}]}}